{"id":811,"date":"2023-02-03T11:11:28","date_gmt":"2023-02-03T11:11:28","guid":{"rendered":"https:\/\/abramen.be\/?page_id=811"},"modified":"2025-05-08T19:44:09","modified_gmt":"2025-05-08T19:44:09","slug":"cuisines","status":"publish","type":"page","link":"https:\/\/abramen.be\/nl\/cuisines\/","title":{"rendered":"Keukens"},"content":{"rendered":"<div data-elementor-type=\"wp-page\" data-elementor-id=\"811\" class=\"elementor elementor-811\" data-elementor-post-type=\"page\">\n\t\t\t\t<div class=\"elementor-element elementor-element-1e6deb2 e-flex e-con-boxed wpr-particle-no wpr-jarallax-no wpr-parallax-no wpr-sticky-section-no wpr-equal-height-no e-con e-parent\" data-id=\"1e6deb2\" data-element_type=\"container\" data-e-type=\"container\" data-settings=\"{&quot;background_background&quot;:&quot;classic&quot;}\">\n\t\t\t\t\t<div class=\"e-con-inner\">\n\t\t<div class=\"elementor-element elementor-element-57740c7 e-con-full e-flex wpr-particle-no wpr-jarallax-no wpr-parallax-no wpr-sticky-section-no wpr-equal-height-no e-con e-child\" data-id=\"57740c7\" data-element_type=\"container\" data-e-type=\"container\">\n\t\t\t\t<div class=\"elementor-element elementor-element-a7ba93d elementor-invisible elementor-widget elementor-widget-heading\" data-id=\"a7ba93d\" data-element_type=\"widget\" data-e-type=\"widget\" data-settings=\"{&quot;_animation&quot;:&quot;zoomIn&quot;}\" data-widget_type=\"heading.default\">\n\t\t\t\t<div class=\"elementor-widget-container\">\n\t\t\t\t\t<h1 class=\"elementor-heading-title elementor-size-default\">Maatwerk keukens in Belgi\u00eb: elegantie en functionaliteit<\/h1>\t\t\t\t<\/div>\n\t\t\t\t<\/div>\n\t\t\t\t<div class=\"elementor-element elementor-element-45e75b6 elementor-widget elementor-widget-text-editor\" data-id=\"45e75b6\" data-element_type=\"widget\" data-e-type=\"widget\" data-widget_type=\"text-editor.default\">\n\t\t\t\t<div class=\"elementor-widget-container\">\n\t\t\t\t\t\t\t\t\tCre\u00eber een unieke keuken, perfect aangepast aan uw levensstijl en ruimte. Onze keukens op maat combineren design, kwaliteit en ergonomie.\t\t\t\t\t\t\t\t<\/div>\n\t\t\t\t<\/div>\n\t\t\t\t<div class=\"elementor-element elementor-element-c98e1c5 envato-kit-30-div-rotate elementor-widget-divider--view-line elementor-invisible elementor-widget elementor-widget-divider\" data-id=\"c98e1c5\" data-element_type=\"widget\" data-e-type=\"widget\" data-settings=\"{&quot;_animation&quot;:&quot;fadeIn&quot;}\" data-widget_type=\"divider.default\">\n\t\t\t\t<div class=\"elementor-widget-container\">\n\t\t\t\t\t\t\t<div class=\"elementor-divider\">\n\t\t\t<span class=\"elementor-divider-separator\">\n\t\t\t\t\t\t<\/span>\n\t\t<\/div>\n\t\t\t\t\t\t<\/div>\n\t\t\t\t<\/div>\n\t\t\t\t<\/div>\n\t\t\t\t\t<\/div>\n\t\t\t\t<\/div>\n\t\t<div class=\"elementor-element elementor-element-abf9dcf e-flex e-con-boxed wpr-particle-no wpr-jarallax-no wpr-parallax-no wpr-sticky-section-no wpr-equal-height-no e-con e-parent\" data-id=\"abf9dcf\" data-element_type=\"container\" data-e-type=\"container\">\n\t\t\t\t\t<div class=\"e-con-inner\">\n\t\t<div class=\"elementor-element elementor-element-705ba98 e-con-full e-flex wpr-particle-no wpr-jarallax-no wpr-parallax-no wpr-sticky-section-no wpr-equal-height-no e-con e-child\" data-id=\"705ba98\" data-element_type=\"container\" data-e-type=\"container\">\n\t\t\t\t<div class=\"elementor-element elementor-element-ae0586e elementor-arrows-position-outside elementor-widget elementor-widget-image-carousel\" data-id=\"ae0586e\" data-element_type=\"widget\" data-e-type=\"widget\" data-settings=\"{&quot;slides_to_show&quot;:&quot;1&quot;,&quot;navigation&quot;:&quot;arrows&quot;,&quot;autoplay&quot;:&quot;yes&quot;,&quot;pause_on_hover&quot;:&quot;yes&quot;,&quot;pause_on_interaction&quot;:&quot;yes&quot;,&quot;autoplay_speed&quot;:5000,&quot;infinite&quot;:&quot;yes&quot;,&quot;effect&quot;:&quot;slide&quot;,&quot;speed&quot;:500}\" data-widget_type=\"image-carousel.default\">\n\t\t\t\t<div class=\"elementor-widget-container\">\n\t\t\t\t\t\t\t<div class=\"elementor-image-carousel-wrapper swiper\" role=\"region\" aria-roledescription=\"carousel\" aria-label=\"Carrousel afbeelding\" dir=\"ltr\">\n\t\t\t<div class=\"elementor-image-carousel swiper-wrapper\" aria-live=\"off\">\n\t\t\t\t\t\t\t\t<div class=\"swiper-slide\" role=\"group\" aria-roledescription=\"slide\" aria-label=\"1 sur 8\"><a data-elementor-open-lightbox=\"yes\" data-elementor-lightbox-slideshow=\"ae0586e\" data-elementor-lightbox-title=\"WhatsApp Image 2025-04-11 at 08.55.36\" data-e-action-hash=\"#elementor-action%3Aaction%3Dlightbox%26settings%3DeyJpZCI6MTU4MCwidXJsIjoiaHR0cHM6XC9cL2FicmFtZW4uYmVcL3dwLWNvbnRlbnRcL3VwbG9hZHNcL1doYXRzQXBwLUltYWdlLTIwMjUtMDQtMTEtYXQtMDguNTUuMzYuanBlZyIsInNsaWRlc2hvdyI6ImFlMDU4NmUifQ%3D%3D\" href=\"https:\/\/abramen.be\/wp-content\/uploads\/WhatsApp-Image-2025-04-11-at-08.55.36.jpeg\"><figure class=\"swiper-slide-inner\"><img decoding=\"async\" class=\"swiper-slide-image\" src=\"https:\/\/abramen.be\/wp-content\/uploads\/elementor\/thumbs\/WhatsApp-Image-2025-04-11-at-08.55.36-r4k5ry48zz2aw4bdwcypcfsucjhiuk3xxyajzfx4ds.jpeg\" alt=\"WhatsApp Afbeelding 2025-04-11 om 08.55.36\" \/><\/figure><\/a><\/div><div class=\"swiper-slide\" role=\"group\" aria-roledescription=\"slide\" aria-label=\"2 sur 8\"><a data-elementor-open-lightbox=\"yes\" data-elementor-lightbox-slideshow=\"ae0586e\" data-elementor-lightbox-title=\"20210527_111032\" data-e-action-hash=\"#elementor-action%3Aaction%3Dlightbox%26settings%3DeyJpZCI6MTY3MCwidXJsIjoiaHR0cHM6XC9cL2FicmFtZW4uYmVcL3dwLWNvbnRlbnRcL3VwbG9hZHNcLzIwMjEwNTI3XzExMTAzMi0xLXNjYWxlZC5qcGciLCJzbGlkZXNob3ciOiJhZTA1ODZlIn0%3D\" href=\"https:\/\/abramen.be\/wp-content\/uploads\/20210527_111032-1-scaled.jpg\"><figure class=\"swiper-slide-inner\"><img decoding=\"async\" class=\"swiper-slide-image\" src=\"https:\/\/abramen.be\/wp-content\/uploads\/elementor\/thumbs\/20210527_111032-1-scaled-r4oqd5eyba7wtpmmvk7sz8g48mx07mr4kze2k2k9kg.jpg\" alt=\"20210527_111032\" \/><\/figure><\/a><\/div><div class=\"swiper-slide\" role=\"group\" aria-roledescription=\"slide\" aria-label=\"3 sur 8\"><a data-elementor-open-lightbox=\"yes\" data-elementor-lightbox-slideshow=\"ae0586e\" data-elementor-lightbox-title=\"WhatsApp Image 2025-04-11 at 16.31.49\" data-e-action-hash=\"#elementor-action%3Aaction%3Dlightbox%26settings%3DeyJpZCI6MTYxNywidXJsIjoiaHR0cHM6XC9cL2FicmFtZW4uYmVcL3dwLWNvbnRlbnRcL3VwbG9hZHNcL1doYXRzQXBwLUltYWdlLTIwMjUtMDQtMTEtYXQtMTYuMzEuNDkuanBlZyIsInNsaWRlc2hvdyI6ImFlMDU4NmUifQ%3D%3D\" href=\"https:\/\/abramen.be\/wp-content\/uploads\/WhatsApp-Image-2025-04-11-at-16.31.49.jpeg\"><figure class=\"swiper-slide-inner\"><img decoding=\"async\" class=\"swiper-slide-image\" src=\"https:\/\/abramen.be\/wp-content\/uploads\/elementor\/thumbs\/WhatsApp-Image-2025-04-11-at-16.31.49-r4k6d5d75g34rhiq3ivrl374pezkgs9ziw0to4hg1c.jpeg\" alt=\"WhatsApp Afbeelding 2025-04-11 om 16.31.49\" \/><\/figure><\/a><\/div><div class=\"swiper-slide\" role=\"group\" aria-roledescription=\"slide\" aria-label=\"4 sur 8\"><a data-elementor-open-lightbox=\"yes\" data-elementor-lightbox-slideshow=\"ae0586e\" data-elementor-lightbox-title=\"WhatsApp Image 2025-04-11 at 08.55.32\" data-e-action-hash=\"#elementor-action%3Aaction%3Dlightbox%26settings%3DeyJpZCI6MTU4OCwidXJsIjoiaHR0cHM6XC9cL2FicmFtZW4uYmVcL3dwLWNvbnRlbnRcL3VwbG9hZHNcL1doYXRzQXBwLUltYWdlLTIwMjUtMDQtMTEtYXQtMDguNTUuMzIuanBlZyIsInNsaWRlc2hvdyI6ImFlMDU4NmUifQ%3D%3D\" href=\"https:\/\/abramen.be\/wp-content\/uploads\/WhatsApp-Image-2025-04-11-at-08.55.32.jpeg\"><figure class=\"swiper-slide-inner\"><img decoding=\"async\" class=\"swiper-slide-image\" src=\"https:\/\/abramen.be\/wp-content\/uploads\/elementor\/thumbs\/WhatsApp-Image-2025-04-11-at-08.55.32-r4k5s4p4btbb5e1ttxt3bw52i8l3cfu2auuycdnd68.jpeg\" alt=\"WhatsApp Afbeelding 2025-04-11 om 08.55.32\" \/><\/figure><\/a><\/div><div class=\"swiper-slide\" role=\"group\" aria-roledescription=\"slide\" aria-label=\"5 sur 8\"><a data-elementor-open-lightbox=\"yes\" data-elementor-lightbox-slideshow=\"ae0586e\" data-elementor-lightbox-title=\"WhatsApp Image 2025-04-11 at 08.58.49 (1)\" data-e-action-hash=\"#elementor-action%3Aaction%3Dlightbox%26settings%3DeyJpZCI6MTYwNywidXJsIjoiaHR0cHM6XC9cL2FicmFtZW4uYmVcL3dwLWNvbnRlbnRcL3VwbG9hZHNcL1doYXRzQXBwLUltYWdlLTIwMjUtMDQtMTEtYXQtMDguNTguNDktMS5qcGVnIiwic2xpZGVzaG93IjoiYWUwNTg2ZSJ9\" href=\"https:\/\/abramen.be\/wp-content\/uploads\/WhatsApp-Image-2025-04-11-at-08.58.49-1.jpeg\"><figure class=\"swiper-slide-inner\"><img decoding=\"async\" class=\"swiper-slide-image\" src=\"https:\/\/abramen.be\/wp-content\/uploads\/elementor\/thumbs\/WhatsApp-Image-2025-04-11-at-08.58.49-1-r4k6cwwnfxrjuzv0gx84gnbzcy59jicehq5gcmtzlc.jpeg\" alt=\"WhatsApp Afbeelding 2025-04-11 om 08.58.49 (1)\" \/><\/figure><\/a><\/div><div class=\"swiper-slide\" role=\"group\" aria-roledescription=\"slide\" aria-label=\"6 sur 8\"><a data-elementor-open-lightbox=\"yes\" data-elementor-lightbox-slideshow=\"ae0586e\" data-elementor-lightbox-title=\"cuisines sur mesure\" data-e-action-hash=\"#elementor-action%3Aaction%3Dlightbox%26settings%3DeyJpZCI6MTcxMSwidXJsIjoiaHR0cHM6XC9cL2FicmFtZW4uYmVcL3dwLWNvbnRlbnRcL3VwbG9hZHNcL0lNRy0yMDIwMDkxMi1XQTAwMDMuanBnIiwic2xpZGVzaG93IjoiYWUwNTg2ZSJ9\" href=\"https:\/\/abramen.be\/wp-content\/uploads\/IMG-20200912-WA0003.jpg\"><figure class=\"swiper-slide-inner\"><img decoding=\"async\" class=\"swiper-slide-image\" src=\"https:\/\/abramen.be\/wp-content\/uploads\/elementor\/thumbs\/IMG-20200912-WA0003-r4oqe54tizkt2w6r2znmlzfmta0yc4oxdw6isl3b00.jpg\" alt=\"keukens op maat\" \/><\/figure><\/a><\/div><div class=\"swiper-slide\" role=\"group\" aria-roledescription=\"slide\" aria-label=\"7 sur 8\"><a data-elementor-open-lightbox=\"yes\" data-elementor-lightbox-slideshow=\"ae0586e\" data-elementor-lightbox-title=\"Dressing sur mesure\" data-e-action-hash=\"#elementor-action%3Aaction%3Dlightbox%26settings%3DeyJpZCI6MTcxMCwidXJsIjoiaHR0cHM6XC9cL2FicmFtZW4uYmVcL3dwLWNvbnRlbnRcL3VwbG9hZHNcL0lNRy0yMDIwMDkxMi1XQTAwMDEuanBnIiwic2xpZGVzaG93IjoiYWUwNTg2ZSJ9\" href=\"https:\/\/abramen.be\/wp-content\/uploads\/IMG-20200912-WA0001.jpg\"><figure class=\"swiper-slide-inner\"><img decoding=\"async\" class=\"swiper-slide-image\" src=\"https:\/\/abramen.be\/wp-content\/uploads\/elementor\/thumbs\/IMG-20200912-WA0001-r4oqe46zc5jira848h901ho67w5l4fl71rj1bb4p68.jpg\" alt=\"Kledingkast op maat in licht hout\" \/><\/figure><\/a><\/div><div class=\"swiper-slide\" role=\"group\" aria-roledescription=\"slide\" aria-label=\"8 sur 8\"><a data-elementor-open-lightbox=\"yes\" data-elementor-lightbox-slideshow=\"ae0586e\" data-elementor-lightbox-title=\"WhatsApp Image 2025-04-11 at 08.55.32 (1)\" data-e-action-hash=\"#elementor-action%3Aaction%3Dlightbox%26settings%3DeyJpZCI6MTU4NSwidXJsIjoiaHR0cHM6XC9cL2FicmFtZW4uYmVcL3dwLWNvbnRlbnRcL3VwbG9hZHNcL1doYXRzQXBwLUltYWdlLTIwMjUtMDQtMTEtYXQtMDguNTUuMzItMS5qcGVnIiwic2xpZGVzaG93IjoiYWUwNTg2ZSJ9\" href=\"https:\/\/abramen.be\/wp-content\/uploads\/WhatsApp-Image-2025-04-11-at-08.55.32-1.jpeg\"><figure class=\"swiper-slide-inner\"><img decoding=\"async\" class=\"swiper-slide-image\" src=\"https:\/\/abramen.be\/wp-content\/uploads\/elementor\/thumbs\/WhatsApp-Image-2025-04-11-at-08.55.32-1-r4k5s2tfy58qi64k4wzu6wm5bgucx1mlmljzdtq5io.jpeg\" alt=\"WhatsApp Afbeelding 2025-04-11 om 08.55.32 (1)\" \/><\/figure><\/a><\/div>\t\t\t<\/div>\n\t\t\t\t\t\t\t\t\t\t\t\t<div class=\"elementor-swiper-button elementor-swiper-button-prev\" role=\"button\" tabindex=\"0\">\n\t\t\t\t\t\t<i aria-hidden=\"true\" class=\"eicon-chevron-left\"><\/i>\t\t\t\t\t<\/div>\n\t\t\t\t\t<div class=\"elementor-swiper-button elementor-swiper-button-next\" role=\"button\" tabindex=\"0\">\n\t\t\t\t\t\t<i aria-hidden=\"true\" class=\"eicon-chevron-right\"><\/i>\t\t\t\t\t<\/div>\n\t\t\t\t\n\t\t\t\t\t\t\t\t\t<\/div>\n\t\t\t\t\t\t<\/div>\n\t\t\t\t<\/div>\n\t\t\t\t<\/div>\n\t\t<div class=\"elementor-element elementor-element-7da4cd4 e-con-full e-flex wpr-particle-no wpr-jarallax-no wpr-parallax-no wpr-sticky-section-no wpr-equal-height-no e-con e-child\" data-id=\"7da4cd4\" data-element_type=\"container\" data-e-type=\"container\">\n\t\t\t\t<div class=\"elementor-element elementor-element-e425706 elementor-invisible elementor-widget elementor-widget-heading\" data-id=\"e425706\" data-element_type=\"widget\" data-e-type=\"widget\" data-settings=\"{&quot;_animation&quot;:&quot;fadeInDown&quot;}\" data-widget_type=\"heading.default\">\n\t\t\t\t<div class=\"elementor-widget-container\">\n\t\t\t\t\t<h2 class=\"elementor-heading-title elementor-size-default\">Een keuken bedacht voor u<\/h2>\t\t\t\t<\/div>\n\t\t\t\t<\/div>\n\t\t\t\t<div class=\"elementor-element elementor-element-c0b2b4b elementor-invisible elementor-widget elementor-widget-text-editor\" data-id=\"c0b2b4b\" data-element_type=\"widget\" data-e-type=\"widget\" data-settings=\"{&quot;_animation&quot;:&quot;fadeIn&quot;}\" data-widget_type=\"text-editor.default\">\n\t\t\t\t<div class=\"elementor-widget-container\">\n\t\t\t\t\t\t\t\t\tBij ABRAMEN ontwerpen en realiseren we volledig op maat gemaakte keukens, volgens uw smaak en behoeften.  \nOf het nu gaat om een hedendaagse, klassieke of industri\u00eble keuken, wij werken met hoogwaardige materialen en leveren een onberispelijke afwerking om van uw keuken een unieke en praktische leefruimte te maken.  \nElk detail wordt zorgvuldig bestudeerd om esthetiek, gebruiksgemak en ruimteoptimalisatie te combineren.\t\t\t\t\t\t\t\t<\/div>\n\t\t\t\t<\/div>\n\t\t\t\t<div class=\"elementor-element elementor-element-5e4f7ef elementor-icon-list--layout-traditional elementor-list-item-link-full_width elementor-widget elementor-widget-icon-list\" data-id=\"5e4f7ef\" data-element_type=\"widget\" data-e-type=\"widget\" data-widget_type=\"icon-list.default\">\n\t\t\t\t<div class=\"elementor-widget-container\">\n\t\t\t\t\t\t\t<ul class=\"elementor-icon-list-items\">\n\t\t\t\t\t\t\t<li class=\"elementor-icon-list-item\">\n\t\t\t\t\t\t\t\t\t\t\t<span class=\"elementor-icon-list-icon\">\n\t\t\t\t\t\t\t<i aria-hidden=\"true\" class=\"fas fa-dot-circle\"><\/i>\t\t\t\t\t\t<\/span>\n\t\t\t\t\t\t\t\t\t\t<span class=\"elementor-icon-list-text\">100% op maat gemaakte ontwerpen<\/span>\n\t\t\t\t\t\t\t\t\t<\/li>\n\t\t\t\t\t\t\t\t<li class=\"elementor-icon-list-item\">\n\t\t\t\t\t\t\t\t\t\t\t<span class=\"elementor-icon-list-icon\">\n\t\t\t\t\t\t\t<i aria-hidden=\"true\" class=\"fas fa-dot-circle\"><\/i>\t\t\t\t\t\t<\/span>\n\t\t\t\t\t\t\t\t\t\t<span class=\"elementor-icon-list-text\">Hoge kwaliteit materialen: hout, laminaat, quartz, roestvrij staal<\/span>\n\t\t\t\t\t\t\t\t\t<\/li>\n\t\t\t\t\t\t\t\t<li class=\"elementor-icon-list-item\">\n\t\t\t\t\t\t\t\t\t\t\t<span class=\"elementor-icon-list-icon\">\n\t\t\t\t\t\t\t<i aria-hidden=\"true\" class=\"fas fa-dot-circle\"><\/i>\t\t\t\t\t\t<\/span>\n\t\t\t\t\t\t\t\t\t\t<span class=\"elementor-icon-list-text\">Optimalisatie van opbergruimte en ergonomie<\/span>\n\t\t\t\t\t\t\t\t\t<\/li>\n\t\t\t\t\t\t\t\t<li class=\"elementor-icon-list-item\">\n\t\t\t\t\t\t\t\t\t\t\t<span class=\"elementor-icon-list-icon\">\n\t\t\t\t\t\t\t<i aria-hidden=\"true\" class=\"fas fa-dot-circle\"><\/i>\t\t\t\t\t\t<\/span>\n\t\t\t\t\t\t\t\t\t\t<span class=\"elementor-icon-list-text\">Ambachtelijke vervaardiging en zorgvuldige afwerkingen<\/span>\n\t\t\t\t\t\t\t\t\t<\/li>\n\t\t\t\t\t\t\t\t<li class=\"elementor-icon-list-item\">\n\t\t\t\t\t\t\t\t\t\t\t<span class=\"elementor-icon-list-icon\">\n\t\t\t\t\t\t\t<i aria-hidden=\"true\" class=\"fas fa-dot-circle\"><\/i>\t\t\t\t\t\t<\/span>\n\t\t\t\t\t\t\t\t\t\t<span class=\"elementor-icon-list-text\">Snelle en professionele installatie<\/span>\n\t\t\t\t\t\t\t\t\t<\/li>\n\t\t\t\t\t\t<\/ul>\n\t\t\t\t\t\t<\/div>\n\t\t\t\t<\/div>\n\t\t\t\t<\/div>\n\t\t\t\t\t<\/div>\n\t\t\t\t<\/div>\n\t\t<div class=\"elementor-element elementor-element-02f89c9 e-con-full e-flex wpr-particle-no wpr-jarallax-no wpr-parallax-no wpr-sticky-section-no wpr-equal-height-no e-con e-parent\" data-id=\"02f89c9\" data-element_type=\"container\" data-e-type=\"container\" data-settings=\"{&quot;background_background&quot;:&quot;classic&quot;}\">\n\t\t<div class=\"elementor-element elementor-element-20ee7c8 e-con-full e-flex wpr-particle-no wpr-jarallax-no wpr-parallax-no wpr-sticky-section-no wpr-equal-height-no e-con e-child\" data-id=\"20ee7c8\" data-element_type=\"container\" data-e-type=\"container\">\n\t\t\t\t<div class=\"elementor-element elementor-element-b776532 elementor-invisible elementor-widget elementor-widget-heading\" data-id=\"b776532\" data-element_type=\"widget\" data-e-type=\"widget\" data-settings=\"{&quot;_animation&quot;:&quot;zoomIn&quot;}\" data-widget_type=\"heading.default\">\n\t\t\t\t<div class=\"elementor-widget-container\">\n\t\t\t\t\t<h1 class=\"elementor-heading-title elementor-size-default\">Uw op maat gemaakte keuken, ontworpen om lang mee te gaan<\/h1>\t\t\t\t<\/div>\n\t\t\t\t<\/div>\n\t\t\t\t<div class=\"elementor-element elementor-element-665ea1e elementor-widget elementor-widget-text-editor\" data-id=\"665ea1e\" data-element_type=\"widget\" data-e-type=\"widget\" data-widget_type=\"text-editor.default\">\n\t\t\t\t<div class=\"elementor-widget-container\">\n\t\t\t\t\t\t\t\t\tBreng uw op maat gemaakte keukenproject tot leven met ABRAMEN. Neem contact met ons op om uw project te bespreken en een gratis, vrijblijvende offerte te ontvangen.\t\t\t\t\t\t\t\t<\/div>\n\t\t\t\t<\/div>\n\t\t\t\t<div class=\"elementor-element elementor-element-b004b8c envato-kit-30-div-rotate elementor-widget-divider--view-line elementor-invisible elementor-widget elementor-widget-divider\" data-id=\"b004b8c\" data-element_type=\"widget\" data-e-type=\"widget\" data-settings=\"{&quot;_animation&quot;:&quot;fadeIn&quot;}\" data-widget_type=\"divider.default\">\n\t\t\t\t<div class=\"elementor-widget-container\">\n\t\t\t\t\t\t\t<div class=\"elementor-divider\">\n\t\t\t<span class=\"elementor-divider-separator\">\n\t\t\t\t\t\t<\/span>\n\t\t<\/div>\n\t\t\t\t\t\t<\/div>\n\t\t\t\t<\/div>\n\t\t\t\t<div class=\"elementor-element elementor-element-c7588a2 elementor-align-center elementor-invisible elementor-widget elementor-widget-button\" data-id=\"c7588a2\" data-element_type=\"widget\" data-e-type=\"widget\" data-settings=\"{&quot;_animation&quot;:&quot;fadeInUp&quot;}\" data-widget_type=\"button.default\">\n\t\t\t\t<div class=\"elementor-widget-container\">\n\t\t\t\t\t\t\t\t\t<div class=\"elementor-button-wrapper\">\n\t\t\t\t\t<a class=\"elementor-button elementor-button-link elementor-size-sm elementor-animation-sink\" href=\"https:\/\/abramen.be\/nl\/contact\/\">\n\t\t\t\t\t\t<span class=\"elementor-button-content-wrapper\">\n\t\t\t\t\t\t\t\t\t<span class=\"elementor-button-text\">Vraag een gratis offerte aan<\/span>\n\t\t\t\t\t<\/span>\n\t\t\t\t\t<\/a>\n\t\t\t\t<\/div>\n\t\t\t\t\t\t\t\t<\/div>\n\t\t\t\t<\/div>\n\t\t\t\t<\/div>\n\t\t\t\t<\/div>\n\t\t\t\t<\/div>","protected":false},"excerpt":{"rendered":"<p>Cuisines sur mesure en Belgique : \u00e9l\u00e9gance et fonctionnalit\u00e9 Cr\u00e9ez une cuisine unique, parfaitement adapt\u00e9e \u00e0 votre mode de vie et \u00e0 votre espace. Nos cuisines sur mesure allient design, qualit\u00e9 et ergonomie. Une cuisine pens\u00e9e pour vous Chez ABRAMEN, nous concevons et r\u00e9alisons des cuisines enti\u00e8rement personnalis\u00e9es, selon vos go\u00fbts et vos besoins. Qu\u2019il s\u2019agisse d\u2019une cuisine contemporaine, classique ou industrielle, nous travaillons avec des mat\u00e9riaux de qualit\u00e9 et une finition irr\u00e9prochable pour faire de votre cuisine un lieu de vie unique et pratique. Chaque d\u00e9tail est soigneusement \u00e9tudi\u00e9 pour allier esth\u00e9tique, confort d\u2019utilisation et optimisation de l\u2019espace. Conception 100% personnalis\u00e9e Mat\u00e9riaux haut de gamme : bois, stratifi\u00e9, quartz, inox Optimisation des rangements et de l\u2019ergonomie Fabrication artisanale et finitions soign\u00e9es Installation rapide et professionnelle Votre cuisine sur mesure, con\u00e7ue pour durer Donnez vie \u00e0 votre projet de cuisine sur mesure avec ABRAMEN. Contactez-nous pour discuter de votre projet et obtenir un devis gratuit sans engagement. Demander un devis gratuit<\/p>","protected":false},"author":3,"featured_media":1711,"parent":0,"menu_order":0,"comment_status":"closed","ping_status":"closed","template":"elementor_header_footer","meta":{"_acf_changed":false,"footnotes":""},"class_list":["post-811","page","type-page","status-publish","has-post-thumbnail","hentry"],"acf":[],"_links":{"self":[{"href":"https:\/\/abramen.be\/nl\/wp-json\/wp\/v2\/pages\/811","targetHints":{"allow":["GET"]}}],"collection":[{"href":"https:\/\/abramen.be\/nl\/wp-json\/wp\/v2\/pages"}],"about":[{"href":"https:\/\/abramen.be\/nl\/wp-json\/wp\/v2\/types\/page"}],"author":[{"embeddable":true,"href":"https:\/\/abramen.be\/nl\/wp-json\/wp\/v2\/users\/3"}],"replies":[{"embeddable":true,"href":"https:\/\/abramen.be\/nl\/wp-json\/wp\/v2\/comments?post=811"}],"version-history":[{"count":24,"href":"https:\/\/abramen.be\/nl\/wp-json\/wp\/v2\/pages\/811\/revisions"}],"predecessor-version":[{"id":2063,"href":"https:\/\/abramen.be\/nl\/wp-json\/wp\/v2\/pages\/811\/revisions\/2063"}],"wp:featuredmedia":[{"embeddable":true,"href":"https:\/\/abramen.be\/nl\/wp-json\/wp\/v2\/media\/1711"}],"wp:attachment":[{"href":"https:\/\/abramen.be\/nl\/wp-json\/wp\/v2\/media?parent=811"}],"curies":[{"name":"wp","href":"https:\/\/api.w.org\/{rel}","templated":true}]}}