{"id":815,"date":"2023-02-03T11:11:57","date_gmt":"2023-02-03T11:11:57","guid":{"rendered":"https:\/\/abramen.be\/?page_id=815"},"modified":"2025-05-08T19:55:47","modified_gmt":"2025-05-08T19:55:47","slug":"parquet","status":"publish","type":"page","link":"https:\/\/abramen.be\/nl\/parquet\/","title":{"rendered":"Parket"},"content":{"rendered":"<div data-elementor-type=\"wp-page\" data-elementor-id=\"815\" class=\"elementor elementor-815\" data-elementor-post-type=\"page\">\n\t\t\t\t<div class=\"elementor-element elementor-element-375cb00 e-flex e-con-boxed wpr-particle-no wpr-jarallax-no wpr-parallax-no wpr-sticky-section-no wpr-equal-height-no e-con e-parent\" data-id=\"375cb00\" data-element_type=\"container\" data-e-type=\"container\" data-settings=\"{&quot;background_background&quot;:&quot;classic&quot;}\">\n\t\t\t\t\t<div class=\"e-con-inner\">\n\t\t<div class=\"elementor-element elementor-element-2b0ee4b e-con-full e-flex wpr-particle-no wpr-jarallax-no wpr-parallax-no wpr-sticky-section-no wpr-equal-height-no e-con e-child\" data-id=\"2b0ee4b\" data-element_type=\"container\" data-e-type=\"container\">\n\t\t\t\t<div class=\"elementor-element elementor-element-d063d19 elementor-invisible elementor-widget elementor-widget-heading\" data-id=\"d063d19\" data-element_type=\"widget\" data-e-type=\"widget\" data-settings=\"{&quot;_animation&quot;:&quot;zoomIn&quot;}\" data-widget_type=\"heading.default\">\n\t\t\t\t<div class=\"elementor-widget-container\">\n\t\t\t\t\t<h1 class=\"elementor-heading-title elementor-size-default\">Plaatsing van parket in Belgi\u00eb: elegantie en kwaliteit<\/h1>\t\t\t\t<\/div>\n\t\t\t\t<\/div>\n\t\t\t\t<div class=\"elementor-element elementor-element-f27ed61 elementor-widget elementor-widget-text-editor\" data-id=\"f27ed61\" data-element_type=\"widget\" data-e-type=\"widget\" data-widget_type=\"text-editor.default\">\n\t\t\t\t<div class=\"elementor-widget-container\">\n\t\t\t\t\t\t\t\t\tVerfraai uw interieur met op maat gemaakte parketvloeren, die warmte, stevigheid en esthetiek combineren. ABRAMEN begeleidt u bij het cre\u00ebren van unieke vloeren.\t\t\t\t\t\t\t\t<\/div>\n\t\t\t\t<\/div>\n\t\t\t\t<div class=\"elementor-element elementor-element-ca7277d envato-kit-30-div-rotate elementor-widget-divider--view-line elementor-invisible elementor-widget elementor-widget-divider\" data-id=\"ca7277d\" data-element_type=\"widget\" data-e-type=\"widget\" data-settings=\"{&quot;_animation&quot;:&quot;fadeIn&quot;}\" data-widget_type=\"divider.default\">\n\t\t\t\t<div class=\"elementor-widget-container\">\n\t\t\t\t\t\t\t<div class=\"elementor-divider\">\n\t\t\t<span class=\"elementor-divider-separator\">\n\t\t\t\t\t\t<\/span>\n\t\t<\/div>\n\t\t\t\t\t\t<\/div>\n\t\t\t\t<\/div>\n\t\t\t\t<\/div>\n\t\t\t\t\t<\/div>\n\t\t\t\t<\/div>\n\t\t<div class=\"elementor-element elementor-element-2ac1aee e-flex e-con-boxed wpr-particle-no wpr-jarallax-no wpr-parallax-no wpr-sticky-section-no wpr-equal-height-no e-con e-parent\" data-id=\"2ac1aee\" data-element_type=\"container\" data-e-type=\"container\">\n\t\t\t\t\t<div class=\"e-con-inner\">\n\t\t<div class=\"elementor-element elementor-element-75d9c99 e-con-full e-flex wpr-particle-no wpr-jarallax-no wpr-parallax-no wpr-sticky-section-no wpr-equal-height-no e-con e-child\" data-id=\"75d9c99\" data-element_type=\"container\" data-e-type=\"container\">\n\t\t\t\t<div class=\"elementor-element elementor-element-6b83c46 elementor-arrows-position-outside elementor-widget elementor-widget-image-carousel\" data-id=\"6b83c46\" data-element_type=\"widget\" data-e-type=\"widget\" data-settings=\"{&quot;slides_to_show&quot;:&quot;1&quot;,&quot;navigation&quot;:&quot;arrows&quot;,&quot;autoplay&quot;:&quot;yes&quot;,&quot;pause_on_hover&quot;:&quot;yes&quot;,&quot;pause_on_interaction&quot;:&quot;yes&quot;,&quot;autoplay_speed&quot;:5000,&quot;infinite&quot;:&quot;yes&quot;,&quot;effect&quot;:&quot;slide&quot;,&quot;speed&quot;:500}\" data-widget_type=\"image-carousel.default\">\n\t\t\t\t<div class=\"elementor-widget-container\">\n\t\t\t\t\t\t\t<div class=\"elementor-image-carousel-wrapper swiper\" role=\"region\" aria-roledescription=\"carousel\" aria-label=\"Carrousel afbeelding\" dir=\"ltr\">\n\t\t\t<div class=\"elementor-image-carousel swiper-wrapper\" aria-live=\"off\">\n\t\t\t\t\t\t\t\t<div class=\"swiper-slide\" role=\"group\" aria-roledescription=\"slide\" aria-label=\"1 sur 4\"><a data-elementor-open-lightbox=\"yes\" data-elementor-lightbox-slideshow=\"6b83c46\" data-elementor-lightbox-title=\"Dressing sur mesure en bois clair pour chambre \u00e9l\u00e9gante\" data-e-action-hash=\"#elementor-action%3Aaction%3Dlightbox%26settings%3DeyJpZCI6MTc5NiwidXJsIjoiaHR0cHM6XC9cL2FicmFtZW4uYmVcL3dwLWNvbnRlbnRcL3VwbG9hZHNcLzQucG5nIiwic2xpZGVzaG93IjoiNmI4M2M0NiJ9\" href=\"https:\/\/abramen.be\/wp-content\/uploads\/4.png\"><figure class=\"swiper-slide-inner\"><img decoding=\"async\" class=\"swiper-slide-image\" src=\"https:\/\/abramen.be\/wp-content\/uploads\/elementor\/thumbs\/4-r4ov5sftjujt7euys6p0xo3w0bzxyc4cbgwjpml6r4.png\" alt=\"schrijnwerk projecten\" \/><\/figure><\/a><\/div><div class=\"swiper-slide\" role=\"group\" aria-roledescription=\"slide\" aria-label=\"2 sur 4\"><a data-elementor-open-lightbox=\"yes\" data-elementor-lightbox-slideshow=\"6b83c46\" data-elementor-lightbox-title=\"Pose de Parquet\" data-e-action-hash=\"#elementor-action%3Aaction%3Dlightbox%26settings%3DeyJpZCI6MTc5NywidXJsIjoiaHR0cHM6XC9cL2FicmFtZW4uYmVcL3dwLWNvbnRlbnRcL3VwbG9hZHNcLzUucG5nIiwic2xpZGVzaG93IjoiNmI4M2M0NiJ9\" href=\"https:\/\/abramen.be\/wp-content\/uploads\/5.png\"><figure class=\"swiper-slide-inner\"><img decoding=\"async\" class=\"swiper-slide-image\" src=\"https:\/\/abramen.be\/wp-content\/uploads\/elementor\/thumbs\/5-r4ov5tdnqol3j0tlmp3ni5vclpvb6182nlk16wjskw.png\" alt=\"Parket leggen\" \/><\/figure><\/a><\/div><div class=\"swiper-slide\" role=\"group\" aria-roledescription=\"slide\" aria-label=\"3 sur 4\"><a data-elementor-open-lightbox=\"yes\" data-elementor-lightbox-slideshow=\"6b83c46\" data-elementor-lightbox-title=\"Pose de Parquet\" data-e-action-hash=\"#elementor-action%3Aaction%3Dlightbox%26settings%3DeyJpZCI6MTc5OCwidXJsIjoiaHR0cHM6XC9cL2FicmFtZW4uYmVcL3dwLWNvbnRlbnRcL3VwbG9hZHNcLzItMS5wbmciLCJzbGlkZXNob3ciOiI2YjgzYzQ2In0%3D\" href=\"https:\/\/abramen.be\/wp-content\/uploads\/2-1.png\"><figure class=\"swiper-slide-inner\"><img decoding=\"async\" class=\"swiper-slide-image\" src=\"https:\/\/abramen.be\/wp-content\/uploads\/elementor\/thumbs\/2-1-r4ov7773swhamct8jsmvobas351rhzpuig4rmkhxf4.png\" alt=\"Parket leggen\" \/><\/figure><\/a><\/div><div class=\"swiper-slide\" role=\"group\" aria-roledescription=\"slide\" aria-label=\"4 sur 4\"><a data-elementor-open-lightbox=\"yes\" data-elementor-lightbox-slideshow=\"6b83c46\" data-elementor-lightbox-title=\"Fen\u00eatres sur mesure\" data-e-action-hash=\"#elementor-action%3Aaction%3Dlightbox%26settings%3DeyJpZCI6MTc5OSwidXJsIjoiaHR0cHM6XC9cL2FicmFtZW4uYmVcL3dwLWNvbnRlbnRcL3VwbG9hZHNcLzMtMS5wbmciLCJzbGlkZXNob3ciOiI2YjgzYzQ2In0%3D\" href=\"https:\/\/abramen.be\/wp-content\/uploads\/3-1.png\"><figure class=\"swiper-slide-inner\"><img decoding=\"async\" class=\"swiper-slide-image\" src=\"https:\/\/abramen.be\/wp-content\/uploads\/elementor\/thumbs\/3-1-r4ov784xzqikxyrveb1i8t28oix4potkuks93ugj8w.png\" alt=\"ramen op maat\" \/><\/figure><\/a><\/div>\t\t\t<\/div>\n\t\t\t\t\t\t\t\t\t\t\t\t<div class=\"elementor-swiper-button elementor-swiper-button-prev\" role=\"button\" tabindex=\"0\">\n\t\t\t\t\t\t<i aria-hidden=\"true\" class=\"eicon-chevron-left\"><\/i>\t\t\t\t\t<\/div>\n\t\t\t\t\t<div class=\"elementor-swiper-button elementor-swiper-button-next\" role=\"button\" tabindex=\"0\">\n\t\t\t\t\t\t<i aria-hidden=\"true\" class=\"eicon-chevron-right\"><\/i>\t\t\t\t\t<\/div>\n\t\t\t\t\n\t\t\t\t\t\t\t\t\t<\/div>\n\t\t\t\t\t\t<\/div>\n\t\t\t\t<\/div>\n\t\t\t\t<\/div>\n\t\t<div class=\"elementor-element elementor-element-c57f8db e-con-full e-flex wpr-particle-no wpr-jarallax-no wpr-parallax-no wpr-sticky-section-no wpr-equal-height-no e-con e-child\" data-id=\"c57f8db\" data-element_type=\"container\" data-e-type=\"container\">\n\t\t\t\t<div class=\"elementor-element elementor-element-c6d888d elementor-invisible elementor-widget elementor-widget-heading\" data-id=\"c6d888d\" data-element_type=\"widget\" data-e-type=\"widget\" data-settings=\"{&quot;_animation&quot;:&quot;fadeInDown&quot;}\" data-widget_type=\"heading.default\">\n\t\t\t\t<div class=\"elementor-widget-container\">\n\t\t\t\t\t<h2 class=\"elementor-heading-title elementor-size-default\">Een parketvloer om uw ruimtes karakter te geven<\/h2>\t\t\t\t<\/div>\n\t\t\t\t<\/div>\n\t\t\t\t<div class=\"elementor-element elementor-element-d71aada elementor-invisible elementor-widget elementor-widget-text-editor\" data-id=\"d71aada\" data-element_type=\"widget\" data-e-type=\"widget\" data-settings=\"{&quot;_animation&quot;:&quot;fadeIn&quot;}\" data-widget_type=\"text-editor.default\">\n\t\t\t\t<div class=\"elementor-widget-container\">\n\t\t\t\t\t\t\t\t\tBij ABRAMEN leggen we traditionele, massieve of gelamineerde parketvloeren die passen bij uw smaak en levensstijl.  \nElk project wordt met bijzondere zorg uitgevoerd, van de voorbereiding van de ondergrond tot de afwerking van het hout, om duurzaamheid en esthetiek te garanderen.  \nOf het nu gaat om een moderne, klassieke of rustieke inrichting, wij adviseren u bij het vinden van de ideale parketvloer.\t\t\t\t\t\t\t\t<\/div>\n\t\t\t\t<\/div>\n\t\t\t\t<div class=\"elementor-element elementor-element-1770ac0 elementor-icon-list--layout-traditional elementor-list-item-link-full_width elementor-widget elementor-widget-icon-list\" data-id=\"1770ac0\" data-element_type=\"widget\" data-e-type=\"widget\" data-widget_type=\"icon-list.default\">\n\t\t\t\t<div class=\"elementor-widget-container\">\n\t\t\t\t\t\t\t<ul class=\"elementor-icon-list-items\">\n\t\t\t\t\t\t\t<li class=\"elementor-icon-list-item\">\n\t\t\t\t\t\t\t\t\t\t\t<span class=\"elementor-icon-list-icon\">\n\t\t\t\t\t\t\t<i aria-hidden=\"true\" class=\"fas fa-dot-circle\"><\/i>\t\t\t\t\t\t<\/span>\n\t\t\t\t\t\t\t\t\t\t<span class=\"elementor-icon-list-text\">Massief parket, gelamineerd parket of laminaat<\/span>\n\t\t\t\t\t\t\t\t\t<\/li>\n\t\t\t\t\t\t\t\t<li class=\"elementor-icon-list-item\">\n\t\t\t\t\t\t\t\t\t\t\t<span class=\"elementor-icon-list-icon\">\n\t\t\t\t\t\t\t<i aria-hidden=\"true\" class=\"fas fa-dot-circle\"><\/i>\t\t\t\t\t\t<\/span>\n\t\t\t\t\t\t\t\t\t\t<span class=\"elementor-icon-list-text\">Grote keuze aan houtsoorten: eik, beuk, bamboe...<\/span>\n\t\t\t\t\t\t\t\t\t<\/li>\n\t\t\t\t\t\t\t\t<li class=\"elementor-icon-list-item\">\n\t\t\t\t\t\t\t\t\t\t\t<span class=\"elementor-icon-list-icon\">\n\t\t\t\t\t\t\t<i aria-hidden=\"true\" class=\"fas fa-dot-circle\"><\/i>\t\t\t\t\t\t<\/span>\n\t\t\t\t\t\t\t\t\t\t<span class=\"elementor-icon-list-text\">Zwevende, gelijmde of genagelde plaatsing, afhankelijk van uw behoeften<\/span>\n\t\t\t\t\t\t\t\t\t<\/li>\n\t\t\t\t\t\t\t\t<li class=\"elementor-icon-list-item\">\n\t\t\t\t\t\t\t\t\t\t\t<span class=\"elementor-icon-list-icon\">\n\t\t\t\t\t\t\t<i aria-hidden=\"true\" class=\"fas fa-dot-circle\"><\/i>\t\t\t\t\t\t<\/span>\n\t\t\t\t\t\t\t\t\t\t<span class=\"elementor-icon-list-text\">Maatwerk afwerkingen: geolied, gelakt, onbehandeld<\/span>\n\t\t\t\t\t\t\t\t\t<\/li>\n\t\t\t\t\t\t\t\t<li class=\"elementor-icon-list-item\">\n\t\t\t\t\t\t\t\t\t\t\t<span class=\"elementor-icon-list-icon\">\n\t\t\t\t\t\t\t<i aria-hidden=\"true\" class=\"fas fa-dot-circle\"><\/i>\t\t\t\t\t\t<\/span>\n\t\t\t\t\t\t\t\t\t\t<span class=\"elementor-icon-list-text\">Persoonlijk advies en professionele installatie<\/span>\n\t\t\t\t\t\t\t\t\t<\/li>\n\t\t\t\t\t\t<\/ul>\n\t\t\t\t\t\t<\/div>\n\t\t\t\t<\/div>\n\t\t\t\t<\/div>\n\t\t\t\t\t<\/div>\n\t\t\t\t<\/div>\n\t\t<div class=\"elementor-element elementor-element-2448e48 e-con-full e-flex wpr-particle-no wpr-jarallax-no wpr-parallax-no wpr-sticky-section-no wpr-equal-height-no e-con e-parent\" data-id=\"2448e48\" data-element_type=\"container\" data-e-type=\"container\" data-settings=\"{&quot;background_background&quot;:&quot;classic&quot;}\">\n\t\t<div class=\"elementor-element elementor-element-b792519 e-con-full e-flex wpr-particle-no wpr-jarallax-no wpr-parallax-no wpr-sticky-section-no wpr-equal-height-no e-con e-child\" data-id=\"b792519\" data-element_type=\"container\" data-e-type=\"container\">\n\t\t\t\t<div class=\"elementor-element elementor-element-7d3a9fd elementor-invisible elementor-widget elementor-widget-heading\" data-id=\"7d3a9fd\" data-element_type=\"widget\" data-e-type=\"widget\" data-settings=\"{&quot;_animation&quot;:&quot;zoomIn&quot;}\" data-widget_type=\"heading.default\">\n\t\t\t\t<div class=\"elementor-widget-container\">\n\t\t\t\t\t<h1 class=\"elementor-heading-title elementor-size-default\">Een parketvloer om uw interieur te verfraaien<\/h1>\t\t\t\t<\/div>\n\t\t\t\t<\/div>\n\t\t\t\t<div class=\"elementor-element elementor-element-18c171a elementor-widget elementor-widget-text-editor\" data-id=\"18c171a\" data-element_type=\"widget\" data-e-type=\"widget\" data-widget_type=\"text-editor.default\">\n\t\t\t\t<div class=\"elementor-widget-container\">\n\t\t\t\t\t\t\t\t\tVertrouw op ABRAMEN voor de plaatsing van uw op maat gemaakte parketvloer, een garantie voor kwaliteit, elegantie en duurzaamheid. Neem contact met ons op voor een gratis offerte.\t\t\t\t\t\t\t\t<\/div>\n\t\t\t\t<\/div>\n\t\t\t\t<div class=\"elementor-element elementor-element-b7ba6ba envato-kit-30-div-rotate elementor-widget-divider--view-line elementor-invisible elementor-widget elementor-widget-divider\" data-id=\"b7ba6ba\" data-element_type=\"widget\" data-e-type=\"widget\" data-settings=\"{&quot;_animation&quot;:&quot;fadeIn&quot;}\" data-widget_type=\"divider.default\">\n\t\t\t\t<div class=\"elementor-widget-container\">\n\t\t\t\t\t\t\t<div class=\"elementor-divider\">\n\t\t\t<span class=\"elementor-divider-separator\">\n\t\t\t\t\t\t<\/span>\n\t\t<\/div>\n\t\t\t\t\t\t<\/div>\n\t\t\t\t<\/div>\n\t\t\t\t<div class=\"elementor-element elementor-element-1ba5496 elementor-align-center elementor-invisible elementor-widget elementor-widget-button\" data-id=\"1ba5496\" data-element_type=\"widget\" data-e-type=\"widget\" data-settings=\"{&quot;_animation&quot;:&quot;fadeInUp&quot;}\" data-widget_type=\"button.default\">\n\t\t\t\t<div class=\"elementor-widget-container\">\n\t\t\t\t\t\t\t\t\t<div class=\"elementor-button-wrapper\">\n\t\t\t\t\t<a class=\"elementor-button elementor-button-link elementor-size-sm elementor-animation-sink\" href=\"https:\/\/abramen.be\/nl\/contact\/\">\n\t\t\t\t\t\t<span class=\"elementor-button-content-wrapper\">\n\t\t\t\t\t\t\t\t\t<span class=\"elementor-button-text\">Vraag een gratis offerte aan<\/span>\n\t\t\t\t\t<\/span>\n\t\t\t\t\t<\/a>\n\t\t\t\t<\/div>\n\t\t\t\t\t\t\t\t<\/div>\n\t\t\t\t<\/div>\n\t\t\t\t<\/div>\n\t\t\t\t<\/div>\n\t\t\t\t<\/div>","protected":false},"excerpt":{"rendered":"<p>Pose de parquet en Belgique : \u00e9l\u00e9gance et qualit\u00e9 Sublimez vos int\u00e9rieurs avec un parquet sur mesure, alliant chaleur, robustesse et esth\u00e9tisme. ABRAMEN vous accompagne dans la cr\u00e9ation de sols uniques. Un parquet pour donner du cachet \u00e0 vos espaces Chez ABRAMEN, nous posons des parquets traditionnels, massifs ou contrecoll\u00e9s, adapt\u00e9s \u00e0 vos go\u00fbts et \u00e0 votre style de vie. Chaque projet est r\u00e9alis\u00e9 avec un soin particulier, de la pr\u00e9paration du support \u00e0 la finition du bois, pour garantir durabilit\u00e9 et esth\u00e9tisme. Que ce soit pour un int\u00e9rieur moderne, classique ou rustique, nous vous conseillons pour trouver le parquet id\u00e9al. Parquet massif, contrecoll\u00e9 ou stratifi\u00e9 Large choix d\u2019essences de bois : ch\u00eane, h\u00eatre, bambou&#8230; Pose flottante, coll\u00e9e ou clou\u00e9e selon vos besoins Finitions sur mesure : huil\u00e9, verni, brut Conseils personnalis\u00e9s et installation professionnelle Un sol en parquet pour sublimer votre int\u00e9rieur Faites confiance \u00e0 ABRAMEN pour la pose de votre parquet sur mesure, gage de qualit\u00e9, d\u2019\u00e9l\u00e9gance et de durabilit\u00e9. Contactez-nous pour un devis gratuit. Demander un devis gratuit<\/p>","protected":false},"author":3,"featured_media":1795,"parent":0,"menu_order":0,"comment_status":"closed","ping_status":"closed","template":"elementor_header_footer","meta":{"_acf_changed":false,"footnotes":""},"class_list":["post-815","page","type-page","status-publish","has-post-thumbnail","hentry"],"acf":[],"_links":{"self":[{"href":"https:\/\/abramen.be\/nl\/wp-json\/wp\/v2\/pages\/815","targetHints":{"allow":["GET"]}}],"collection":[{"href":"https:\/\/abramen.be\/nl\/wp-json\/wp\/v2\/pages"}],"about":[{"href":"https:\/\/abramen.be\/nl\/wp-json\/wp\/v2\/types\/page"}],"author":[{"embeddable":true,"href":"https:\/\/abramen.be\/nl\/wp-json\/wp\/v2\/users\/3"}],"replies":[{"embeddable":true,"href":"https:\/\/abramen.be\/nl\/wp-json\/wp\/v2\/comments?post=815"}],"version-history":[{"count":15,"href":"https:\/\/abramen.be\/nl\/wp-json\/wp\/v2\/pages\/815\/revisions"}],"predecessor-version":[{"id":1887,"href":"https:\/\/abramen.be\/nl\/wp-json\/wp\/v2\/pages\/815\/revisions\/1887"}],"wp:featuredmedia":[{"embeddable":true,"href":"https:\/\/abramen.be\/nl\/wp-json\/wp\/v2\/media\/1795"}],"wp:attachment":[{"href":"https:\/\/abramen.be\/nl\/wp-json\/wp\/v2\/media?parent=815"}],"curies":[{"name":"wp","href":"https:\/\/api.w.org\/{rel}","templated":true}]}}